{"id":1619,"date":"2025-01-09T02:19:16","date_gmt":"2025-01-09T02:19:16","guid":{"rendered":"https:\/\/gubrestore.com.local\/haqqimizda\/"},"modified":"2025-05-19T01:09:49","modified_gmt":"2025-05-19T01:09:49","slug":"haqqimizda","status":"publish","type":"page","link":"https:\/\/gubrestore.com\/az\/haqqimizda\/","title":{"rendered":"Haqq\u0131m\u0131zda"},"content":{"rendered":"\t\t<div data-elementor-type=\"wp-page\" data-elementor-id=\"1619\" class=\"elementor elementor-1619 elementor-81\" data-elementor-post-type=\"page\">\n\t\t\t\t<div class=\"elementor-element elementor-element-ffa7639 e-con-full e-flex e-con e-parent\" data-id=\"ffa7639\" data-element_type=\"container\">\n\t\t\t\t<div class=\"elementor-element elementor-element-964bef0 elementor-widget elementor-widget-spacer\" data-id=\"964bef0\" data-element_type=\"widget\" data-widget_type=\"spacer.default\">\n\t\t\t\t<div class=\"elementor-widget-container\">\n\t\t\t\t\t\t\t<div class=\"elementor-spacer\">\n\t\t\t<div class=\"elementor-spacer-inner\"><\/div>\n\t\t<\/div>\n\t\t\t\t\t\t<\/div>\n\t\t\t\t<\/div>\n\t\t\t\t<\/div>\n\t\t<div class=\"elementor-element elementor-element-5d7f8ec e-con-full e-flex e-con e-parent\" data-id=\"5d7f8ec\" data-element_type=\"container\" data-settings=\"{&quot;background_background&quot;:&quot;classic&quot;}\">\n\t\t<div class=\"elementor-element elementor-element-0d5e4bf e-con-full e-flex e-con e-child\" data-id=\"0d5e4bf\" data-element_type=\"container\">\n\t\t\t\t<\/div>\n\t\t\t\t<\/div>\n\t\t<div class=\"elementor-element elementor-element-b08158a e-con-full e-flex e-con e-parent\" data-id=\"b08158a\" data-element_type=\"container\">\n\t\t\t\t<div class=\"elementor-element elementor-element-e4ebddd elementor-widget elementor-widget-spacer\" data-id=\"e4ebddd\" data-element_type=\"widget\" data-widget_type=\"spacer.default\">\n\t\t\t\t<div class=\"elementor-widget-container\">\n\t\t\t\t\t\t\t<div class=\"elementor-spacer\">\n\t\t\t<div class=\"elementor-spacer-inner\"><\/div>\n\t\t<\/div>\n\t\t\t\t\t\t<\/div>\n\t\t\t\t<\/div>\n\t\t\t\t<\/div>\n\t\t<div class=\"elementor-element elementor-element-249bb14 e-con-full e-flex e-con e-parent\" data-id=\"249bb14\" data-element_type=\"container\" data-settings=\"{&quot;background_background&quot;:&quot;classic&quot;}\">\n\t\t<div class=\"elementor-element elementor-element-dc7671f e-con-full e-flex e-con e-child\" data-id=\"dc7671f\" data-element_type=\"container\">\n\t\t<div class=\"elementor-element elementor-element-c6d3757 e-con-full e-flex e-con e-child\" data-id=\"c6d3757\" data-element_type=\"container\" data-settings=\"{&quot;sticky&quot;:&quot;top&quot;,&quot;sticky_offset&quot;:50,&quot;sticky_parent&quot;:&quot;yes&quot;,&quot;sticky_on&quot;:[&quot;desktop&quot;,&quot;tablet&quot;,&quot;mobile&quot;],&quot;sticky_effects_offset&quot;:0,&quot;sticky_anchor_link_offset&quot;:0}\">\n\t\t<div class=\"elementor-element elementor-element-b84366a e-con-full e-flex e-con e-child\" data-id=\"b84366a\" data-element_type=\"container\">\n\t\t\t\t<div class=\"elementor-element elementor-element-6050720 elementor-grid-1 elementor-grid-tablet-2 elementor-grid-mobile-1 elementor-widget elementor-widget-loop-grid\" data-id=\"6050720\" data-element_type=\"widget\" data-settings=\"{&quot;template_id&quot;:4569,&quot;columns&quot;:1,&quot;_skin&quot;:&quot;post&quot;,&quot;columns_tablet&quot;:&quot;2&quot;,&quot;columns_mobile&quot;:&quot;1&quot;,&quot;edit_handle_selector&quot;:&quot;[data-elementor-type=\\&quot;loop-item\\&quot;]&quot;,&quot;row_gap&quot;:{&quot;unit&quot;:&quot;px&quot;,&quot;size&quot;:&quot;&quot;,&quot;sizes&quot;:[]},&quot;row_gap_tablet&quot;:{&quot;unit&quot;:&quot;px&quot;,&quot;size&quot;:&quot;&quot;,&quot;sizes&quot;:[]},&quot;row_gap_mobile&quot;:{&quot;unit&quot;:&quot;px&quot;,&quot;size&quot;:&quot;&quot;,&quot;sizes&quot;:[]}}\" data-widget_type=\"loop-grid.post\">\n\t\t\t\t<div class=\"elementor-widget-container\">\n\t\t\t\t\t\t\t<div class=\"elementor-loop-container elementor-grid\">\n\t\t<style id=\"loop-4569\">.elementor-4569 .elementor-element.elementor-element-edd800b{--display:flex;--padding-top:0px;--padding-bottom:0px;--padding-left:0px;--padding-right:0px;}.elementor-4569 .elementor-element.elementor-element-aeae186 .wd-text-block{font-family:\"Inter\", Sans-serif;font-size:18px;font-weight:400;color:#222831;}@media(max-width:767px){.elementor-4569 .elementor-element.elementor-element-aeae186 > .elementor-widget-container{padding:10px 10px 10px 10px;}.elementor-4569 .elementor-element.elementor-element-aeae186 .wd-text-block{font-size:15px;}}<\/style>\t\t<div data-elementor-type=\"loop-item\" data-elementor-id=\"4569\" class=\"elementor elementor-4569 elementor-4110 e-loop-item e-loop-item-4616 post-4616 about-us type-about-us status-publish hentry\" data-elementor-post-type=\"elementor_library\" data-custom-edit-handle=\"1\">\n\t\t\t<div class=\"wd-negative-gap elementor-element elementor-element-edd800b e-flex e-con-boxed e-con e-parent\" data-id=\"edd800b\" data-element_type=\"container\">\n\t\t\t\t\t<div class=\"e-con-inner\">\n\t\t\t\t<div class=\"elementor-element elementor-element-aeae186 elementor-widget elementor-widget-wd_text_block\" data-id=\"aeae186\" data-element_type=\"widget\" data-widget_type=\"wd_text_block.default\">\n\t\t\t\t<div class=\"elementor-widget-container\">\n\t\t\t\t\t\t\t<div class=\"wd-text-block reset-last-child text-left\">\n\t\t\t\n\t\t\t<p data-sourcepos=\"5:1-5:245\">GUBRE STORE LLC s\u0259naye kimy\u0259vi madd\u0259l\u0259rinin, neft m\u0259hsullar\u0131n\u0131n v\u0259 g\u00fcbr\u0259l\u0259rin ixrac\u0131 \u00fczr\u0259 ixtisasla\u015fm\u0131\u015f beyn\u0259lxalq ticar\u0259t \u015firk\u0259tidir. Biz d\u00fcnya \u00fczr\u0259 m\u00fc\u015ft\u0259ril\u0259r \u00fc\u00e7\u00fcn sabit t\u0259chizat\u0131 t\u0259min edir v\u0259 y\u00fcks\u0259k s\u0259viyy\u0259li logistika h\u0259ll\u0259ri t\u0259qdim edirik.<br \/>\n2022-ci ild\u0259 Az\u0259rbaycanda t\u0259sis edilmi\u015f \u015firk\u0259timiz g\u0259nc olmas\u0131na baxmayaraq, beyn\u0259lxalq \u00e7atd\u0131r\u0131lmalar sah\u0259sind\u0259 geni\u015f t\u0259cr\u00fcb\u0259y\u0259 malikdir v\u0259 m\u00fcxt\u0259lif \u00f6lk\u0259l\u0259rd\u0259n olan apar\u0131c\u0131 t\u0259r\u0259fda\u015flarla u\u011furla \u0259m\u0259kda\u015fl\u0131q edir.<\/p>\n<p><strong>Niy\u0259 GUBRE STORE LLC-ni se\u00e7m\u0259lisiniz?<\/strong><\/p>\n<p>\u2714 Geni\u015f m\u0259hsul \u00e7e\u015fidi \u2013 g\u00fcbr\u0259l\u0259r, neft m\u0259hsullar\u0131, s\u0259naye kimy\u0259vi madd\u0259l\u0259ri.<br \/>\n\u2714 \u00c7evik \u0259m\u0259kda\u015fl\u0131q \u015f\u0259rtl\u0259ri \u2013 FOB, FCA v\u0259 CIF \u015f\u0259rtl\u0259ri il\u0259 i\u015fl\u0259yirik.<br \/>\n\u2714 Qabaqc\u0131l logistika \u2013 d\u0259niz, d\u0259mir yolu v\u0259 avtomobil n\u0259qliyyat\u0131 il\u0259 \u00e7atd\u0131r\u0131lma.<br \/>\n\u2714 Y\u00fcks\u0259k keyfiyy\u0259t standartlar\u0131 \u2013 m\u0259hsullar beyn\u0259lxalq norma v\u0259 qaydalara uy\u011fundur.<br \/>\n\u2714 F\u0259rdi yana\u015fma \u2013 h\u0259r bir m\u00fc\u015ft\u0259riy\u0259 uy\u011funla\u015fd\u0131r\u0131lm\u0131\u015f h\u0259ll\u0259r.<br \/>\nGUBRE STORE LLC \u2013 beyn\u0259lxalq ticar\u0259td\u0259 sizin etibarl\u0131 t\u0259r\u0259fda\u015f\u0131n\u0131z.<\/p>\n<p data-sourcepos=\"19:1-19:83\"><strong>\u018fm\u0259kda\u015fl\u0131\u011f\u0131 m\u00fczakir\u0259 etm\u0259k v\u0259 kommersiya t\u0259klifi almaq \u00fc\u00e7\u00fcn biziml\u0259 \u0259laq\u0259 saxlay\u0131n.<\/strong><\/p>\n\n\t\t\t\t\t<\/div>\n\t\t\t\t\t\t<\/div>\n\t\t\t\t<\/div>\n\t\t\t\t\t<\/div>\n\t\t\t\t<\/div>\n\t\t\t\t<\/div>\n\t\t\t\t<\/div>\n\t\t\n\t\t\t\t\t\t<\/div>\n\t\t\t\t<\/div>\n\t\t\t\t<\/div>\n\t\t<div class=\"elementor-element elementor-element-bda06b7 e-con-full e-flex e-con e-child\" data-id=\"bda06b7\" data-element_type=\"container\">\n\t\t<div class=\"elementor-element elementor-element-9a5ed6a e-con-full e-flex e-con e-child\" data-id=\"9a5ed6a\" data-element_type=\"container\">\n\t\t\t\t<div class=\"elementor-element elementor-element-06dffc9 elementor-widget elementor-widget-image\" data-id=\"06dffc9\" data-element_type=\"widget\" data-widget_type=\"image.default\">\n\t\t\t\t<div class=\"elementor-widget-container\">\n\t\t\t\t\t\t\t\t\t\t\t\t\t\t\t<img fetchpriority=\"high\" decoding=\"async\" width=\"670\" height=\"180\" src=\"https:\/\/gubrestore.com\/wp-content\/uploads\/GubreStore_Mn_Logo.webp\" class=\"attachment-large size-large wp-image-907\" alt=\"\" srcset=\"https:\/\/gubrestore.com\/wp-content\/uploads\/GubreStore_Mn_Logo.webp 670w, https:\/\/gubrestore.com\/wp-content\/uploads\/GubreStore_Mn_Logo-600x161.webp 600w, https:\/\/gubrestore.com\/wp-content\/uploads\/GubreStore_Mn_Logo-150x40.webp 150w\" sizes=\"(max-width: 670px) 100vw, 670px\" \/>\t\t\t\t\t\t\t\t\t\t\t\t\t\t\t<\/div>\n\t\t\t\t<\/div>\n\t\t\t\t<\/div>\n\t\t\t\t<\/div>\n\t\t\t\t<\/div>\n\t\t\t\t<\/div>\n\t\t\t\t<\/div>\n\t\t\t\t<\/div>\n\t\t","protected":false},"excerpt":{"rendered":"","protected":false},"author":1,"featured_media":0,"parent":0,"menu_order":0,"comment_status":"closed","ping_status":"closed","template":"","meta":{"_acf_changed":false,"footnotes":""},"class_list":["post-1619","page","type-page","status-publish","hentry"],"acf":[],"_links":{"self":[{"href":"https:\/\/gubrestore.com\/az\/wp-json\/wp\/v2\/pages\/1619","targetHints":{"allow":["GET"]}}],"collection":[{"href":"https:\/\/gubrestore.com\/az\/wp-json\/wp\/v2\/pages"}],"about":[{"href":"https:\/\/gubrestore.com\/az\/wp-json\/wp\/v2\/types\/page"}],"author":[{"embeddable":true,"href":"https:\/\/gubrestore.com\/az\/wp-json\/wp\/v2\/users\/1"}],"replies":[{"embeddable":true,"href":"https:\/\/gubrestore.com\/az\/wp-json\/wp\/v2\/comments?post=1619"}],"version-history":[{"count":13,"href":"https:\/\/gubrestore.com\/az\/wp-json\/wp\/v2\/pages\/1619\/revisions"}],"predecessor-version":[{"id":4885,"href":"https:\/\/gubrestore.com\/az\/wp-json\/wp\/v2\/pages\/1619\/revisions\/4885"}],"wp:attachment":[{"href":"https:\/\/gubrestore.com\/az\/wp-json\/wp\/v2\/media?parent=1619"}],"curies":[{"name":"wp","href":"https:\/\/api.w.org\/{rel}","templated":true}]}}