{"id":352,"date":"2025-01-09T23:54:57","date_gmt":"2025-01-09T23:54:57","guid":{"rendered":"https:\/\/gubrestore.com.local\/?post_type=product&#038;p=352"},"modified":"2025-05-15T01:50:42","modified_gmt":"2025-05-15T01:50:42","slug":"karbamid-n-46-2-urea","status":"publish","type":"product","link":"https:\/\/gubrestore.com\/ru\/product\/karbamid-n-46-2-urea\/","title":{"rendered":"Karbamid N 46.2 (UREA)"},"content":{"rendered":"<ul>\n<li><strong>Karbamid (UREA) d\u0259r\u0259c\u0259li B k\u0259nd t\u0259s\u0259rr\u00fcfat\u0131 bitkil\u0259rini b\u00fct\u00fcn b\u00f6y\u00fcm\u0259 v\u0259 inki\u015faf d\u00f6vr\u00fcnd\u0259 azotla t\u0259min etm\u0259k \u00fc\u00e7\u00fcn \u0259n \u00e7ox konsentratla\u015fd\u0131r\u0131lm\u0131\u015f prilled azot g\u00fcbr\u0259sidir.<\/strong><\/li>\n<li><strong>Optimally provides plants with all three forms of available nitrogen: amide, as well as ammonium and nitrate (after appropriate transformations in the soil). Suitable for soils with a pH less than 6.5.<\/strong><\/li>\n<li><strong>As a result of its transformation in the soil, the soil solution is first alkalinized and then acidified.<\/strong><\/li>\n<li><strong>The most environmentally friendly nitrogen fertilizer, useful for plants, wide spectrum of use: from autumn application to soil, it is used as an anti-stress agent to improve crop quality.<\/strong><\/li>\n<li><strong>The only form of nitrogen fertilizer for rice.<\/strong><\/li>\n<\/ul>\n","protected":false},"excerpt":{"rendered":"<p>Karbamid (UREA) d\u0259r\u0259c\u0259li B k\u0259nd t\u0259s\u0259rr\u00fcfat\u0131 bitkil\u0259rini b\u00fct\u00fcn b\u00f6y\u00fcm\u0259 v\u0259 inki\u015faf d\u00f6vr\u00fcnd\u0259 azotla t\u0259min etm\u0259k \u00fc\u00e7\u00fcn \u0259n \u00e7ox konsentratla\u015fd\u0131r\u0131lm\u0131\u015f prilled<\/p>\n","protected":false},"featured_media":696,"comment_status":"open","ping_status":"closed","template":"","meta":{"_acf_changed":false},"product_brand":[],"product_cat":[15,18],"product_tag":[],"class_list":{"0":"post-352","1":"product","2":"type-product","3":"status-publish","4":"has-post-thumbnail","6":"product_cat-uncategorized","7":"product_cat-fertilizer","9":"first","10":"instock","11":"shipping-taxable","12":"purchasable","13":"product-type-simple"},"acf":[],"_links":{"self":[{"href":"https:\/\/gubrestore.com\/ru\/wp-json\/wp\/v2\/product\/352","targetHints":{"allow":["GET"]}}],"collection":[{"href":"https:\/\/gubrestore.com\/ru\/wp-json\/wp\/v2\/product"}],"about":[{"href":"https:\/\/gubrestore.com\/ru\/wp-json\/wp\/v2\/types\/product"}],"replies":[{"embeddable":true,"href":"https:\/\/gubrestore.com\/ru\/wp-json\/wp\/v2\/comments?post=352"}],"wp:featuredmedia":[{"embeddable":true,"href":"https:\/\/gubrestore.com\/ru\/wp-json\/wp\/v2\/media\/696"}],"wp:attachment":[{"href":"https:\/\/gubrestore.com\/ru\/wp-json\/wp\/v2\/media?parent=352"}],"wp:term":[{"taxonomy":"product_brand","embeddable":true,"href":"https:\/\/gubrestore.com\/ru\/wp-json\/wp\/v2\/product_brand?post=352"},{"taxonomy":"product_cat","embeddable":true,"href":"https:\/\/gubrestore.com\/ru\/wp-json\/wp\/v2\/product_cat?post=352"},{"taxonomy":"product_tag","embeddable":true,"href":"https:\/\/gubrestore.com\/ru\/wp-json\/wp\/v2\/product_tag?post=352"}],"curies":[{"name":"wp","href":"https:\/\/api.w.org\/{rel}","templated":true}]}}